{"id":304,"date":"2021-05-04T11:33:44","date_gmt":"2021-05-04T15:33:44","guid":{"rendered":"http:\/\/cabanechezdany.com\/menu\/"},"modified":"2021-05-18T18:39:09","modified_gmt":"2021-05-18T22:39:09","slug":"menu","status":"publish","type":"page","link":"https:\/\/cabanechezdany.com\/en\/menu\/","title":{"rendered":"Menu"},"content":{"rendered":"<section class=\"l-section wpb_row height_auto width_full with_img parallax_ver\"><div class=\"l-section-img\" role=\"img\" aria-label=\"Image\" data-img-width=\"1034\" data-img-height=\"1034\" style=\"background-image: url(https:\/\/cabanechezdany.com\/wp-content\/uploads\/2021\/05\/parchemin-u2449-26-fr.jpg);background-repeat: no-repeat;\"><\/div><div class=\"l-section-h i-cf\"><div class=\"g-cols vc_row via_flex valign_top type_boxes stacking_default\"><div class=\"vc_col-sm-12 wpb_column vc_column_container\"><div class=\"vc_column-inner\"><div class=\"wpb_wrapper\"><div class=\"g-cols wpb_row via_flex valign_middle type_default reversed stacking_default\"><div class=\"vc_col-sm-6 wpb_column vc_column_container\"><div class=\"vc_column-inner\"><div class=\"wpb_wrapper\"><div class=\"w-grid type_grid layout_gallery_default cols_3\" id=\"us_grid_1\" style=\"--columns:3;--gap:10px;\" data-filterable=\"true\"><style>@media (max-width:1024px){#us_grid_1{--columns:2!important}}@media (max-width:600px){#us_grid_1{--columns:2!important}}.layout_gallery_default .w-grid-item-h{}<\/style><div class=\"w-grid-list\">\t<article class=\"w-grid-item size_1x1 post-512 attachment type-attachment status-inherit hentry\" data-id=\"512\">\r\n\t\t<div class=\"w-grid-item-h\">\r\n\t\t\t\t\t\t<div class=\"w-post-elm post_image usg_post_image_1 stretched\"><img decoding=\"async\" width=\"1024\" height=\"681\" src=\"https:\/\/cabanechezdany.com\/wp-content\/uploads\/2021\/05\/Cabane-Chez-Dany-01-1024x681.jpg\" class=\"attachment-large size-large\" alt=\"\" srcset=\"https:\/\/cabanechezdany.com\/wp-content\/uploads\/2021\/05\/Cabane-Chez-Dany-01-1024x681.jpg 1024w, https:\/\/cabanechezdany.com\/wp-content\/uploads\/2021\/05\/Cabane-Chez-Dany-01-300x200.jpg 300w, https:\/\/cabanechezdany.com\/wp-content\/uploads\/2021\/05\/Cabane-Chez-Dany-01-250x166.jpg 250w, https:\/\/cabanechezdany.com\/wp-content\/uploads\/2021\/05\/Cabane-Chez-Dany-01-600x400.jpg 600w\" sizes=\"(max-width: 1024px) 100vw, 1024px\" \/><\/div>\t\t<\/div>\r\n\t\t\t<\/article>\r\n\t<article class=\"w-grid-item size_1x1 post-516 attachment type-attachment status-inherit hentry\" data-id=\"516\">\r\n\t\t<div class=\"w-grid-item-h\">\r\n\t\t\t\t\t\t<div class=\"w-post-elm post_image usg_post_image_1 stretched\"><img decoding=\"async\" width=\"1024\" height=\"681\" src=\"https:\/\/cabanechezdany.com\/wp-content\/uploads\/2021\/05\/Cabane-Chez-Dany-05-1024x681.jpg\" class=\"attachment-large size-large\" alt=\"\" srcset=\"https:\/\/cabanechezdany.com\/wp-content\/uploads\/2021\/05\/Cabane-Chez-Dany-05-1024x681.jpg 1024w, https:\/\/cabanechezdany.com\/wp-content\/uploads\/2021\/05\/Cabane-Chez-Dany-05-300x200.jpg 300w, https:\/\/cabanechezdany.com\/wp-content\/uploads\/2021\/05\/Cabane-Chez-Dany-05-250x166.jpg 250w, https:\/\/cabanechezdany.com\/wp-content\/uploads\/2021\/05\/Cabane-Chez-Dany-05-600x400.jpg 600w\" sizes=\"(max-width: 1024px) 100vw, 1024px\" \/><\/div>\t\t<\/div>\r\n\t\t\t<\/article>\r\n\t<article class=\"w-grid-item size_1x1 post-524 attachment type-attachment status-inherit hentry\" data-id=\"524\">\r\n\t\t<div class=\"w-grid-item-h\">\r\n\t\t\t\t\t\t<div class=\"w-post-elm post_image usg_post_image_1 stretched\"><img decoding=\"async\" width=\"1024\" height=\"681\" src=\"https:\/\/cabanechezdany.com\/wp-content\/uploads\/2021\/05\/Cabane-Chez-Dany-13-1024x681.jpg\" class=\"attachment-large size-large\" alt=\"\" srcset=\"https:\/\/cabanechezdany.com\/wp-content\/uploads\/2021\/05\/Cabane-Chez-Dany-13-1024x681.jpg 1024w, https:\/\/cabanechezdany.com\/wp-content\/uploads\/2021\/05\/Cabane-Chez-Dany-13-300x200.jpg 300w, https:\/\/cabanechezdany.com\/wp-content\/uploads\/2021\/05\/Cabane-Chez-Dany-13-250x166.jpg 250w, https:\/\/cabanechezdany.com\/wp-content\/uploads\/2021\/05\/Cabane-Chez-Dany-13-600x400.jpg 600w\" sizes=\"(max-width: 1024px) 100vw, 1024px\" \/><\/div>\t\t<\/div>\r\n\t\t\t<\/article>\r\n\t<article class=\"w-grid-item size_1x1 post-525 attachment type-attachment status-inherit hentry\" data-id=\"525\">\r\n\t\t<div class=\"w-grid-item-h\">\r\n\t\t\t\t\t\t<div class=\"w-post-elm post_image usg_post_image_1 stretched\"><img decoding=\"async\" width=\"1024\" height=\"681\" src=\"https:\/\/cabanechezdany.com\/wp-content\/uploads\/2021\/05\/Cabane-Chez-Dany-14-1024x681.jpg\" class=\"attachment-large size-large\" alt=\"\" srcset=\"https:\/\/cabanechezdany.com\/wp-content\/uploads\/2021\/05\/Cabane-Chez-Dany-14-1024x681.jpg 1024w, https:\/\/cabanechezdany.com\/wp-content\/uploads\/2021\/05\/Cabane-Chez-Dany-14-300x200.jpg 300w, https:\/\/cabanechezdany.com\/wp-content\/uploads\/2021\/05\/Cabane-Chez-Dany-14-250x166.jpg 250w, https:\/\/cabanechezdany.com\/wp-content\/uploads\/2021\/05\/Cabane-Chez-Dany-14-600x400.jpg 600w\" sizes=\"(max-width: 1024px) 100vw, 1024px\" \/><\/div>\t\t<\/div>\r\n\t\t\t<\/article>\r\n\t<article class=\"w-grid-item size_1x1 post-513 attachment type-attachment status-inherit hentry\" data-id=\"513\">\r\n\t\t<div class=\"w-grid-item-h\">\r\n\t\t\t\t\t\t<div class=\"w-post-elm post_image usg_post_image_1 stretched\"><img decoding=\"async\" width=\"1024\" height=\"681\" src=\"https:\/\/cabanechezdany.com\/wp-content\/uploads\/2021\/05\/Cabane-Chez-Dany-02-1024x681.jpg\" class=\"attachment-large size-large\" alt=\"\" srcset=\"https:\/\/cabanechezdany.com\/wp-content\/uploads\/2021\/05\/Cabane-Chez-Dany-02-1024x681.jpg 1024w, https:\/\/cabanechezdany.com\/wp-content\/uploads\/2021\/05\/Cabane-Chez-Dany-02-300x200.jpg 300w, https:\/\/cabanechezdany.com\/wp-content\/uploads\/2021\/05\/Cabane-Chez-Dany-02-250x166.jpg 250w, https:\/\/cabanechezdany.com\/wp-content\/uploads\/2021\/05\/Cabane-Chez-Dany-02-600x400.jpg 600w\" sizes=\"(max-width: 1024px) 100vw, 1024px\" \/><\/div>\t\t<\/div>\r\n\t\t\t<\/article>\r\n\t<article class=\"w-grid-item size_1x1 post-517 attachment type-attachment status-inherit hentry\" data-id=\"517\">\r\n\t\t<div class=\"w-grid-item-h\">\r\n\t\t\t\t\t\t<div class=\"w-post-elm post_image usg_post_image_1 stretched\"><img decoding=\"async\" width=\"1024\" height=\"681\" src=\"https:\/\/cabanechezdany.com\/wp-content\/uploads\/2021\/05\/Cabane-Chez-Dany-06-1024x681.jpg\" class=\"attachment-large size-large\" alt=\"\" srcset=\"https:\/\/cabanechezdany.com\/wp-content\/uploads\/2021\/05\/Cabane-Chez-Dany-06-1024x681.jpg 1024w, https:\/\/cabanechezdany.com\/wp-content\/uploads\/2021\/05\/Cabane-Chez-Dany-06-300x200.jpg 300w, https:\/\/cabanechezdany.com\/wp-content\/uploads\/2021\/05\/Cabane-Chez-Dany-06-250x166.jpg 250w, https:\/\/cabanechezdany.com\/wp-content\/uploads\/2021\/05\/Cabane-Chez-Dany-06-600x400.jpg 600w\" sizes=\"(max-width: 1024px) 100vw, 1024px\" \/><\/div>\t\t<\/div>\r\n\t\t\t<\/article>\r\n<\/div><div class=\"w-grid-preloader\">\t<div class=\"g-preloader type_1\">\r\n\t\t<div><\/div>\r\n\t<\/div>\r\n\t<\/div>\t<div class=\"w-grid-json hidden\" onclick='return {&quot;action&quot;:&quot;us_ajax_grid&quot;,&quot;infinite_scroll&quot;:0,&quot;max_num_pages&quot;:1,&quot;pagination&quot;:&quot;none&quot;,&quot;template_vars&quot;:{&quot;columns&quot;:&quot;3&quot;,&quot;exclude_items&quot;:&quot;none&quot;,&quot;img_size&quot;:&quot;default&quot;,&quot;ignore_items_size&quot;:0,&quot;items_layout&quot;:&quot;gallery_default&quot;,&quot;items_offset&quot;:&quot;1&quot;,&quot;load_animation&quot;:&quot;none&quot;,&quot;overriding_link&quot;:&quot;{\\&quot;url\\&quot;:\\&quot;\\&quot;}&quot;,&quot;post_id&quot;:0,&quot;query_args&quot;:{&quot;post_type&quot;:[&quot;attachment&quot;],&quot;post__in&quot;:[&quot;512&quot;,&quot;516&quot;,&quot;524&quot;,&quot;525&quot;,&quot;513&quot;,&quot;517&quot;],&quot;post_status&quot;:&quot;inherit&quot;,&quot;post_mime_type&quot;:&quot;image&quot;,&quot;posts_per_page&quot;:&quot;6&quot;},&quot;orderby_query_args&quot;:{&quot;orderby&quot;:{&quot;post__in&quot;:&quot;ASC&quot;},&quot;order&quot;:&quot;ASC&quot;},&quot;type&quot;:&quot;grid&quot;,&quot;us_grid_post_type&quot;:&quot;attachment&quot;,&quot;us_grid_ajax_index&quot;:1,&quot;us_grid_filter_query_string&quot;:null,&quot;us_grid_index&quot;:1,&quot;page_args&quot;:[],&quot;lang&quot;:&quot;en&quot;}}'><\/div>\r\n\t<\/div><\/div><\/div><\/div><div class=\"vc_col-sm-6 wpb_column vc_column_container\"><div class=\"vc_column-inner us_custom_e28183d5\"><div class=\"wpb_wrapper\"><div class=\"wpb_text_column\"><div class=\"wpb_wrapper\"><h1>On the menu at Sugar Shack Chez Dany!<\/h1>\n<p>French Canadian pea soup<br \/>\nBaked beans<\/p>\n<hr \/>\n<p>Meat pie<br \/>\nBaked omelette<br \/>\nMaple ham<\/p>\n<hr \/>\n<p>Grilled salted pork<br \/>\nHomemade bread<br \/>\nPickled beets<br \/>\nPotatoes<\/p>\n<hr \/>\n<p>Maple syrup pancakes<br \/>\nMaple taffy on snow<\/p>\n<hr \/>\n<p>Tea &#8211; Coffee<\/p>\n<h2>All you can eat!<\/h2>\n<\/div><\/div><\/div><\/div><\/div><\/div><\/div><\/div><\/div><\/div><\/div><\/section>\n","protected":false},"excerpt":{"rendered":"","protected":false},"author":1,"featured_media":0,"parent":0,"menu_order":0,"comment_status":"closed","ping_status":"closed","template":"","meta":{"inline_featured_image":false,"footnotes":""},"class_list":["post-304","page","type-page","status-publish","hentry"],"yoast_head":"<!-- This site is optimized with the Yoast SEO plugin v25.7 - https:\/\/yoast.com\/wordpress\/plugins\/seo\/ -->\n<title>Menu | Cabane \u00e0 sucre Chez Dany<\/title>\n<meta name=\"description\" content=\"\u00c0 la Cabane \u00e0 sucre Chez Dany r\u00e8gne une atmosph\u00e8re chaleureuse et familiale. Une cabane \u00e0 sucre qui op\u00e8re \u00e0 l&#039;ann\u00e9e. R\u00e9servez maintenant!\" \/>\n<meta name=\"robots\" content=\"index, follow, max-snippet:-1, max-image-preview:large, max-video-preview:-1\" \/>\n<link rel=\"canonical\" href=\"https:\/\/cabanechezdany.com\/en\/menu\/\" \/>\n<meta property=\"og:locale\" content=\"en_US\" \/>\n<meta property=\"og:type\" content=\"article\" \/>\n<meta property=\"og:title\" content=\"Menu | Cabane \u00e0 sucre Chez Dany\" \/>\n<meta property=\"og:description\" content=\"\u00c0 la Cabane \u00e0 sucre Chez Dany r\u00e8gne une atmosph\u00e8re chaleureuse et familiale. Une cabane \u00e0 sucre qui op\u00e8re \u00e0 l&#039;ann\u00e9e. R\u00e9servez maintenant!\" \/>\n<meta property=\"og:url\" content=\"https:\/\/cabanechezdany.com\/en\/menu\/\" \/>\n<meta property=\"og:site_name\" content=\"Cabane \u00e0 sucre Chez Dany\" \/>\n<meta property=\"article:publisher\" content=\"https:\/\/www.facebook.com\/cabanechezdany\" \/>\n<meta property=\"article:modified_time\" content=\"2021-05-18T22:39:09+00:00\" \/>\n<meta name=\"twitter:card\" content=\"summary_large_image\" \/>\n<meta name=\"twitter:site\" content=\"@CabaneChezDany\" \/>\n<script type=\"application\/ld+json\" class=\"yoast-schema-graph\">{\"@context\":\"https:\/\/schema.org\",\"@graph\":[{\"@type\":\"WebPage\",\"@id\":\"https:\/\/cabanechezdany.com\/en\/menu\/\",\"url\":\"https:\/\/cabanechezdany.com\/en\/menu\/\",\"name\":\"Menu | Cabane \u00e0 sucre Chez Dany\",\"isPartOf\":{\"@id\":\"https:\/\/cabanechezdany.com\/#website\"},\"datePublished\":\"2021-05-04T15:33:44+00:00\",\"dateModified\":\"2021-05-18T22:39:09+00:00\",\"description\":\"\u00c0 la Cabane \u00e0 sucre Chez Dany r\u00e8gne une atmosph\u00e8re chaleureuse et familiale. Une cabane \u00e0 sucre qui op\u00e8re \u00e0 l'ann\u00e9e. R\u00e9servez maintenant!\",\"breadcrumb\":{\"@id\":\"https:\/\/cabanechezdany.com\/en\/menu\/#breadcrumb\"},\"inLanguage\":\"en-US\",\"potentialAction\":[{\"@type\":\"ReadAction\",\"target\":[\"https:\/\/cabanechezdany.com\/en\/menu\/\"]}]},{\"@type\":\"BreadcrumbList\",\"@id\":\"https:\/\/cabanechezdany.com\/en\/menu\/#breadcrumb\",\"itemListElement\":[{\"@type\":\"ListItem\",\"position\":1,\"name\":\"Accueil\",\"item\":\"https:\/\/cabanechezdany.com\/en\/\"},{\"@type\":\"ListItem\",\"position\":2,\"name\":\"Menu\"}]},{\"@type\":\"WebSite\",\"@id\":\"https:\/\/cabanechezdany.com\/#website\",\"url\":\"https:\/\/cabanechezdany.com\/\",\"name\":\"Cabane \u00e0 sucre Chez Dany\",\"description\":\"\",\"publisher\":{\"@id\":\"https:\/\/cabanechezdany.com\/#organization\"},\"potentialAction\":[{\"@type\":\"SearchAction\",\"target\":{\"@type\":\"EntryPoint\",\"urlTemplate\":\"https:\/\/cabanechezdany.com\/?s={search_term_string}\"},\"query-input\":{\"@type\":\"PropertyValueSpecification\",\"valueRequired\":true,\"valueName\":\"search_term_string\"}}],\"inLanguage\":\"en-US\"},{\"@type\":\"Organization\",\"@id\":\"https:\/\/cabanechezdany.com\/#organization\",\"name\":\"Cabane \u00e0 sucre Chez Dany\",\"url\":\"https:\/\/cabanechezdany.com\/\",\"logo\":{\"@type\":\"ImageObject\",\"inLanguage\":\"en-US\",\"@id\":\"https:\/\/cabanechezdany.com\/#\/schema\/logo\/image\/\",\"url\":\"https:\/\/cabanechezdany.com\/wp-content\/uploads\/2021\/05\/Logo-ChezDany-coul.svg\",\"contentUrl\":\"https:\/\/cabanechezdany.com\/wp-content\/uploads\/2021\/05\/Logo-ChezDany-coul.svg\",\"width\":\"1024\",\"height\":\"1024\",\"caption\":\"Cabane \u00e0 sucre Chez Dany\"},\"image\":{\"@id\":\"https:\/\/cabanechezdany.com\/#\/schema\/logo\/image\/\"},\"sameAs\":[\"https:\/\/www.facebook.com\/cabanechezdany\",\"https:\/\/x.com\/CabaneChezDany\"]}]}<\/script>\n<!-- \/ Yoast SEO plugin. -->","yoast_head_json":{"title":"Menu | Cabane \u00e0 sucre Chez Dany","description":"\u00c0 la Cabane \u00e0 sucre Chez Dany r\u00e8gne une atmosph\u00e8re chaleureuse et familiale. Une cabane \u00e0 sucre qui op\u00e8re \u00e0 l'ann\u00e9e. R\u00e9servez maintenant!","robots":{"index":"index","follow":"follow","max-snippet":"max-snippet:-1","max-image-preview":"max-image-preview:large","max-video-preview":"max-video-preview:-1"},"canonical":"https:\/\/cabanechezdany.com\/en\/menu\/","og_locale":"en_US","og_type":"article","og_title":"Menu | Cabane \u00e0 sucre Chez Dany","og_description":"\u00c0 la Cabane \u00e0 sucre Chez Dany r\u00e8gne une atmosph\u00e8re chaleureuse et familiale. Une cabane \u00e0 sucre qui op\u00e8re \u00e0 l'ann\u00e9e. R\u00e9servez maintenant!","og_url":"https:\/\/cabanechezdany.com\/en\/menu\/","og_site_name":"Cabane \u00e0 sucre Chez Dany","article_publisher":"https:\/\/www.facebook.com\/cabanechezdany","article_modified_time":"2021-05-18T22:39:09+00:00","twitter_card":"summary_large_image","twitter_site":"@CabaneChezDany","schema":{"@context":"https:\/\/schema.org","@graph":[{"@type":"WebPage","@id":"https:\/\/cabanechezdany.com\/en\/menu\/","url":"https:\/\/cabanechezdany.com\/en\/menu\/","name":"Menu | Cabane \u00e0 sucre Chez Dany","isPartOf":{"@id":"https:\/\/cabanechezdany.com\/#website"},"datePublished":"2021-05-04T15:33:44+00:00","dateModified":"2021-05-18T22:39:09+00:00","description":"\u00c0 la Cabane \u00e0 sucre Chez Dany r\u00e8gne une atmosph\u00e8re chaleureuse et familiale. Une cabane \u00e0 sucre qui op\u00e8re \u00e0 l'ann\u00e9e. R\u00e9servez maintenant!","breadcrumb":{"@id":"https:\/\/cabanechezdany.com\/en\/menu\/#breadcrumb"},"inLanguage":"en-US","potentialAction":[{"@type":"ReadAction","target":["https:\/\/cabanechezdany.com\/en\/menu\/"]}]},{"@type":"BreadcrumbList","@id":"https:\/\/cabanechezdany.com\/en\/menu\/#breadcrumb","itemListElement":[{"@type":"ListItem","position":1,"name":"Accueil","item":"https:\/\/cabanechezdany.com\/en\/"},{"@type":"ListItem","position":2,"name":"Menu"}]},{"@type":"WebSite","@id":"https:\/\/cabanechezdany.com\/#website","url":"https:\/\/cabanechezdany.com\/","name":"Cabane \u00e0 sucre Chez Dany","description":"","publisher":{"@id":"https:\/\/cabanechezdany.com\/#organization"},"potentialAction":[{"@type":"SearchAction","target":{"@type":"EntryPoint","urlTemplate":"https:\/\/cabanechezdany.com\/?s={search_term_string}"},"query-input":{"@type":"PropertyValueSpecification","valueRequired":true,"valueName":"search_term_string"}}],"inLanguage":"en-US"},{"@type":"Organization","@id":"https:\/\/cabanechezdany.com\/#organization","name":"Cabane \u00e0 sucre Chez Dany","url":"https:\/\/cabanechezdany.com\/","logo":{"@type":"ImageObject","inLanguage":"en-US","@id":"https:\/\/cabanechezdany.com\/#\/schema\/logo\/image\/","url":"https:\/\/cabanechezdany.com\/wp-content\/uploads\/2021\/05\/Logo-ChezDany-coul.svg","contentUrl":"https:\/\/cabanechezdany.com\/wp-content\/uploads\/2021\/05\/Logo-ChezDany-coul.svg","width":"1024","height":"1024","caption":"Cabane \u00e0 sucre Chez Dany"},"image":{"@id":"https:\/\/cabanechezdany.com\/#\/schema\/logo\/image\/"},"sameAs":["https:\/\/www.facebook.com\/cabanechezdany","https:\/\/x.com\/CabaneChezDany"]}]}},"_links":{"self":[{"href":"https:\/\/cabanechezdany.com\/en\/wp-json\/wp\/v2\/pages\/304","targetHints":{"allow":["GET"]}}],"collection":[{"href":"https:\/\/cabanechezdany.com\/en\/wp-json\/wp\/v2\/pages"}],"about":[{"href":"https:\/\/cabanechezdany.com\/en\/wp-json\/wp\/v2\/types\/page"}],"author":[{"embeddable":true,"href":"https:\/\/cabanechezdany.com\/en\/wp-json\/wp\/v2\/users\/1"}],"replies":[{"embeddable":true,"href":"https:\/\/cabanechezdany.com\/en\/wp-json\/wp\/v2\/comments?post=304"}],"version-history":[{"count":0,"href":"https:\/\/cabanechezdany.com\/en\/wp-json\/wp\/v2\/pages\/304\/revisions"}],"wp:attachment":[{"href":"https:\/\/cabanechezdany.com\/en\/wp-json\/wp\/v2\/media?parent=304"}],"curies":[{"name":"wp","href":"https:\/\/api.w.org\/{rel}","templated":true}]}}